{"id":85,"date":"2019-02-28T23:33:21","date_gmt":"2019-02-28T22:33:21","guid":{"rendered":"https:\/\/www.matzenmiller.de\/?page_id=85"},"modified":"2019-05-28T22:01:19","modified_gmt":"2019-05-28T20:01:19","slug":"referenzen","status":"publish","type":"page","link":"https:\/\/www.matzenmiller.de\/index.php\/home\/referenzen\/","title":{"rendered":"Referenzen"},"content":{"rendered":"\n\t<h1>\n\t\t\t\tReferenzen\n\t\t\t<\/h1>\n\t<h2>\n\t\t\t\tUnsere Referenzen\n\t\t\t<\/h2>\n\t\t<p>Der Gro\u00dfteil unserer Arbeiten liegt im Bereich der Ausf\u00fchrung von Neubauten aller Art.Vom kleinen Anbau an ein Wohnhaus, \u00fcber die Fertigung von Dachst\u00fchlen, sowie dem dazugeh\u00f6rigen Innenausbau mit W\u00e4rmed\u00e4mmung bis hin zu Gro\u00dfobjekten, wie Wohnanlagen, Industriebauten und Holzh\u00e4user.<br \/>Ein besonderer Schwerpunkt in unserem Betrieb ist die Ausf\u00fchrung von anspruchsvollen, freitragenden, sichtbar bleibenden Stahl \u2013 Holzkonstruktionen, die h\u00e4ufig in Turn \u2013 und Festhallen, aber auch in Empfangsbereichen von Industrie und Gastronomie eingebaut werden.Im Folgenden m\u00f6chten wir Ihnen einen kleinen Teil unserer Arbeit vorstellen.<\/p>\t\n\t\t<h2>Haben Sie fragen?<\/h2>\n\t\t\t\t<h3><strong>Falls Sie weitere Fragen haben k\u00f6nnen Sie diese jederzeit \u00fcber unser Kontaktformular an uns weiterleiten.<\/strong><\/h3><p>\u00a0<\/p>\n\t\t\t<a href=\"\/index.php\/kontakt\/\" target=\"_self\"   role=\"button\" rel=\"noopener noreferrer\">\n\t\t\t\t\t\t\t\t\t\t\tKontaktieren Sie uns\n\t\t<\/a>\n","protected":false},"excerpt":{"rendered":"<p>Referenzen Unsere Referenzen Der Gro\u00dfteil unserer Arbeiten liegt im Bereich der Ausf\u00fchrung von Neubauten aller Art.Vom kleinen Anbau an ein Wohnhaus, \u00fcber die Fertigung von Dachst\u00fchlen, sowie dem dazugeh\u00f6rigen Innenausbau mit W\u00e4rmed\u00e4mmung bis hin zu Gro\u00dfobjekten, wie Wohnanlagen, Industriebauten und Holzh\u00e4user.Ein besonderer Schwerpunkt in unserem Betrieb ist die Ausf\u00fchrung von anspruchsvollen, freitragenden, sichtbar bleibenden Stahl&hellip;<\/p>\n","protected":false},"author":1,"featured_media":0,"parent":5,"menu_order":0,"comment_status":"closed","ping_status":"closed","template":"","meta":[],"_links":{"self":[{"href":"https:\/\/www.matzenmiller.de\/index.php\/wp-json\/wp\/v2\/pages\/85"}],"collection":[{"href":"https:\/\/www.matzenmiller.de\/index.php\/wp-json\/wp\/v2\/pages"}],"about":[{"href":"https:\/\/www.matzenmiller.de\/index.php\/wp-json\/wp\/v2\/types\/page"}],"author":[{"embeddable":true,"href":"https:\/\/www.matzenmiller.de\/index.php\/wp-json\/wp\/v2\/users\/1"}],"replies":[{"embeddable":true,"href":"https:\/\/www.matzenmiller.de\/index.php\/wp-json\/wp\/v2\/comments?post=85"}],"version-history":[{"count":11,"href":"https:\/\/www.matzenmiller.de\/index.php\/wp-json\/wp\/v2\/pages\/85\/revisions"}],"predecessor-version":[{"id":403,"href":"https:\/\/www.matzenmiller.de\/index.php\/wp-json\/wp\/v2\/pages\/85\/revisions\/403"}],"up":[{"embeddable":true,"href":"https:\/\/www.matzenmiller.de\/index.php\/wp-json\/wp\/v2\/pages\/5"}],"wp:attachment":[{"href":"https:\/\/www.matzenmiller.de\/index.php\/wp-json\/wp\/v2\/media?parent=85"}],"curies":[{"name":"wp","href":"https:\/\/api.w.org\/{rel}","templated":true}]}}