{"id":67,"date":"2019-02-28T23:28:22","date_gmt":"2019-02-28T22:28:22","guid":{"rendered":"https:\/\/www.matzenmiller.de\/?page_id=67"},"modified":"2019-05-20T19:33:41","modified_gmt":"2019-05-20T17:33:41","slug":"dienstleistungen","status":"publish","type":"page","link":"https:\/\/www.matzenmiller.de\/index.php\/home\/dienstleistungen\/","title":{"rendered":"Dienstleistungen"},"content":{"rendered":"\n\t<h1>\n\t\t\t\tDienstleistungen\n\t\t\t<\/h1>\n\t<h2>\n\t\t\t\tUnsere Dienstleistungen\n\t\t\t<\/h2>\n\t\t<p>Im Folgenden m\u00f6chten wir Ihnen unsere Dienstleistungen, die wir Ihnen im Gro\u00dfraum Ulm \/ Biberach anbieten k\u00f6nnen vorstellen. Neben unseren Schwerpunkten wie dem Holzbau, der Trockenbauarbeiten, der Dachdeckung und der Dach D\u00e4mmung sind wir auch noch t\u00e4tig in der Bauschreinerei und \u00fcbernehmen hierbei klassische Aufgaben wie die Erstellung und Montage von festen Geb\u00e4udeelementen wie:<\/p>\t\n\t<ul>\n\t\t<li>\t\t\t\t\n\t\t<h4>Fenstern<\/h4 ><\/li><li>\t\t\t\t\n\t\t<h4>T\u00fcren<\/h4 ><\/li><li>\t\t\t\t\n\t\t<h4>Treppen<\/h4 ><\/li><li>\t\t\t\t\n\t\t<h4>Wandverkleidungen, Deckenverkleidungen, Abh\u00e4ngungen<\/h4 ><\/li><li>\t\t\t\t\n\t\t<h4>Bodenarbeiten<\/h4 ><\/li><li>\t\t\t\t\n\t\t<h4>Wintergarten<\/h4 ><\/li>\t<\/ul>\n\t<h3>\n\t\t\t\tUnsere Hauptleistungen\n\t\t\t<\/h3>\n\t<ul>\n\t\t<li>\t\t\t\t\n\t\t<h4>Holzbau<\/h4 ><\/li><li>\t\t\t\t\n\t\t<h4>Trockenbauarbeiten<\/h4 ><\/li><li>\t\t\t\t\n\t\t<h4>Dachdeckung<\/h4 ><\/li><li>\t\t\t\t\n\t\t<h4>Dachd\u00e4mmung<\/h4 ><\/li>\t<\/ul>\n\t\t\t\t<img loading=\"lazy\" src=\"https:\/\/www.matzenmiller.de\/wp-content\/uploads\/2019\/05\/dienstleistungen-360x480.jpg\" alt=\"dienstleistungen-360x480\" itemprop=\"image\" height=\"480\" width=\"360\" title=\"dienstleistungen-360x480\" onerror=\"this.style.display='none'\"  \/>\n\t\t<h2>Haben Sie fragen?<\/h2>\n\t\t\t\t<h3><strong>Falls Sie weitere Fragen haben k\u00f6nnen Sie diese jederzeit \u00fcber unser Kontaktformular an uns weiterleiten.<\/strong><\/h3>\n\t\t\t<a href=\"\/index.php\/kontakt\/\" target=\"_self\"   role=\"button\" rel=\"noopener noreferrer\">\n\t\t\t\t\t\t\t\t\t\t\tKontaktieren Sie uns\n\t\t<\/a>\n","protected":false},"excerpt":{"rendered":"<p>Dienstleistungen Unsere Dienstleistungen Im Folgenden m\u00f6chten wir Ihnen unsere Dienstleistungen, die wir Ihnen im Gro\u00dfraum Ulm \/ Biberach anbieten k\u00f6nnen vorstellen. Neben unseren Schwerpunkten wie dem Holzbau, der Trockenbauarbeiten, der Dachdeckung und der Dach D\u00e4mmung sind wir auch noch t\u00e4tig in der Bauschreinerei und \u00fcbernehmen hierbei klassische Aufgaben wie die Erstellung und Montage von festen&hellip;<\/p>\n","protected":false},"author":1,"featured_media":0,"parent":5,"menu_order":0,"comment_status":"closed","ping_status":"closed","template":"","meta":[],"_links":{"self":[{"href":"https:\/\/www.matzenmiller.de\/index.php\/wp-json\/wp\/v2\/pages\/67"}],"collection":[{"href":"https:\/\/www.matzenmiller.de\/index.php\/wp-json\/wp\/v2\/pages"}],"about":[{"href":"https:\/\/www.matzenmiller.de\/index.php\/wp-json\/wp\/v2\/types\/page"}],"author":[{"embeddable":true,"href":"https:\/\/www.matzenmiller.de\/index.php\/wp-json\/wp\/v2\/users\/1"}],"replies":[{"embeddable":true,"href":"https:\/\/www.matzenmiller.de\/index.php\/wp-json\/wp\/v2\/comments?post=67"}],"version-history":[{"count":6,"href":"https:\/\/www.matzenmiller.de\/index.php\/wp-json\/wp\/v2\/pages\/67\/revisions"}],"predecessor-version":[{"id":385,"href":"https:\/\/www.matzenmiller.de\/index.php\/wp-json\/wp\/v2\/pages\/67\/revisions\/385"}],"up":[{"embeddable":true,"href":"https:\/\/www.matzenmiller.de\/index.php\/wp-json\/wp\/v2\/pages\/5"}],"wp:attachment":[{"href":"https:\/\/www.matzenmiller.de\/index.php\/wp-json\/wp\/v2\/media?parent=67"}],"curies":[{"name":"wp","href":"https:\/\/api.w.org\/{rel}","templated":true}]}}