{"id":5,"date":"2018-12-07T01:22:28","date_gmt":"2018-12-07T00:22:28","guid":{"rendered":"https:\/\/www.matzenmiller.de\/?page_id=5"},"modified":"2021-05-01T14:51:47","modified_gmt":"2021-05-01T12:51:47","slug":"home","status":"publish","type":"page","link":"https:\/\/www.matzenmiller.de\/","title":{"rendered":"Home"},"content":{"rendered":"\n\t\t\t<h1>Matzenmiller Zimmerei \u2013 Bauschreinerei<\/h1>\t\t\t\n\t\t\t\t<p><strong>Ihr kompetenter Meisterbetrieb im Gro\u00dfraum Ulm \/ Biberach.<\/strong><\/p>\n\t\t<h3>Zuverl\u00e4ssig und kompetenter Service. Wir zimmern\u2019s Ihnen!<\/h3>\n\t\t\t<a href=\"\/index.php\/home\/referenzen\/\" target=\"_self\" role=\"button\" rel=\"noopener noreferrer\">\n\t\t\t\t\t\t\tReferenzen\n\t\t<\/a>\n\t<h3>\n\t\t\t\tHerzlich Willkommen bei der Matzenmiller Zimmerei \u2013 Bauschreinerei\n\t\t\t<\/h3>\n\t\t<p>Mit uns finden Sie Ihre Zimmerei \u2013 Bauschreinerei im Gro\u00dfraum Ulm \/ Biberach. Wir sind Ihr zuverl\u00e4ssiger Partner \u00a0in den Bereichen Zimmerei, Holzbau, Trockenbau, D\u00e4mmungen und Dachdeckung, sowie Fassadenverkleidung. Zudem besteht unser Meisterbetrieb nun schon seit 30 Jahren, womit wir selbstbewusst sagen k\u00f6nnen, dass wir gen\u00fcgend Erfahrungen mitbringen um Ihr Projekt schnell, zuverl\u00e4ssig und fachm\u00e4nnisch durchzuf\u00fchren.<\/p>\t\n\t\t\t\t<img loading=\"lazy\" src=\"https:\/\/www.matzenmiller.de\/wp-content\/uploads\/2019\/05\/gruppeklein-300x144.jpg\" alt=\"gruppeklein-300x144\" itemprop=\"image\" height=\"144\" width=\"300\" title=\"gruppeklein-300x144\" onerror=\"this.style.display='none'\"  \/>\n<h3>\n\t\tWir sind f\u00fcr Sie da\n\t<\/h3>\n\t<p>Mit unserem leistungsstarken und motivierten Team setzen wir Ihr Projekt schnell und zuverl\u00e4ssig um.<\/p>\n\t\t\t\t<img loading=\"lazy\" src=\"https:\/\/www.matzenmiller.de\/wp-content\/uploads\/2019\/05\/meisterarbeit2-300x144.jpg\" alt=\"meisterarbeit2-300x144\" itemprop=\"image\" height=\"144\" width=\"300\" title=\"meisterarbeit2-300x144\" onerror=\"this.style.display='none'\"  \/>\n<h3>\n\t\tAlles aus meisterhand\n\t<\/h3>\n\t<p>Mit unserem leistungsstarken und motivierten Team setzen wir Ihr Projekt schnell und zuverl\u00e4ssig um.<\/p>\n\t\t\t\t<img loading=\"lazy\" src=\"https:\/\/www.matzenmiller.de\/wp-content\/uploads\/2019\/05\/startet-300x144.jpg\" alt=\"startet-300x144\" itemprop=\"image\" height=\"144\" width=\"300\" title=\"startet-300x144\" onerror=\"this.style.display='none'\"  \/>\n<h3>\n\t\tWir machens m\u00f6glich\n\t<\/h3>\n\t<p>Sie planen ein neues Projekt? Dann melden Sie sich bei uns \u00fcber das\u00a0<a href=\"https:\/\/www.matzenmiller.de\/kontakt\">Kontaktformular<\/a>\u00a0oder telefonisch. Wir beraten Sie gerne.<\/p>\n\t\t<h2>Haben Sie fragen?<\/h2>\n\t\t\t\t<h3><strong>Falls Sie weitere Fragen haben k\u00f6nnen Sie diese jederzeit \u00fcber unser Kontaktformular an uns weiterleiten.<\/strong><\/h3>\n\t\t\t<a href=\"\/index.php\/kontakt\/\" target=\"_self\" role=\"button\" rel=\"noopener noreferrer\">\n\t\t\t\t\t\t\t\t\t\t\tKontaktieren Sie uns\n\t\t<\/a>\n","protected":false},"excerpt":{"rendered":"<p>Matzenmiller Zimmerei \u2013 Bauschreinerei Ihr kompetenter Meisterbetrieb im Gro\u00dfraum Ulm \/ Biberach. Zuverl\u00e4ssig und kompetenter Service. Wir zimmern\u2019s Ihnen! Referenzen Herzlich Willkommen bei der Matzenmiller Zimmerei \u2013 Bauschreinerei Mit uns finden Sie Ihre Zimmerei \u2013 Bauschreinerei im Gro\u00dfraum Ulm \/ Biberach. Wir sind Ihr zuverl\u00e4ssiger Partner \u00a0in den Bereichen Zimmerei, Holzbau, Trockenbau, D\u00e4mmungen und Dachdeckung,&hellip;<\/p>\n","protected":false},"author":1,"featured_media":0,"parent":0,"menu_order":0,"comment_status":"closed","ping_status":"closed","template":"","meta":[],"_links":{"self":[{"href":"https:\/\/www.matzenmiller.de\/index.php\/wp-json\/wp\/v2\/pages\/5"}],"collection":[{"href":"https:\/\/www.matzenmiller.de\/index.php\/wp-json\/wp\/v2\/pages"}],"about":[{"href":"https:\/\/www.matzenmiller.de\/index.php\/wp-json\/wp\/v2\/types\/page"}],"author":[{"embeddable":true,"href":"https:\/\/www.matzenmiller.de\/index.php\/wp-json\/wp\/v2\/users\/1"}],"replies":[{"embeddable":true,"href":"https:\/\/www.matzenmiller.de\/index.php\/wp-json\/wp\/v2\/comments?post=5"}],"version-history":[{"count":50,"href":"https:\/\/www.matzenmiller.de\/index.php\/wp-json\/wp\/v2\/pages\/5\/revisions"}],"predecessor-version":[{"id":406,"href":"https:\/\/www.matzenmiller.de\/index.php\/wp-json\/wp\/v2\/pages\/5\/revisions\/406"}],"wp:attachment":[{"href":"https:\/\/www.matzenmiller.de\/index.php\/wp-json\/wp\/v2\/media?parent=5"}],"curies":[{"name":"wp","href":"https:\/\/api.w.org\/{rel}","templated":true}]}}